{"id":704,"date":"2021-03-23T12:07:34","date_gmt":"2021-03-23T11:07:34","guid":{"rendered":"https:\/\/plateforme-reha.ch\/adhesion\/"},"modified":"2021-06-17T13:32:21","modified_gmt":"2021-06-17T11:32:21","slug":"mitgliedschaft","status":"publish","type":"page","link":"https:\/\/plateforme-reha.ch\/de\/mitgliedschaft\/","title":{"rendered":"Mitgliedschaft"},"content":{"rendered":"<div class=\"wpb-content-wrapper\">[vc_row thb_full_width=&#8220;true&#8220; thb_row_padding=&#8220;true&#8220; thb_column_padding=&#8220;true&#8220; full_height=&#8220;yes&#8220; content_placement=&#8220;middle&#8220; css=&#8220;.vc_custom_1616501458700{padding-top: 20vh !important;padding-bottom: 15vh !important;background: #93969a url(http:\/\/plateforme-reha.ch\/wp-content\/uploads\/2021\/02\/reha-slider-home-4.jpg?id=274) !important;background-position: center !important;background-repeat: no-repeat !important;background-size: cover !important;}&#8220;][vc_column][vc_row_inner content_placement=&#8220;middle&#8220;][vc_column_inner thb_color=&#8220;thb-light-column&#8220; width=&#8220;7\/12&#8243;]\t<div id=\"thb-slidetype-69e5f5503296f\" class=\"thb-slidetype \" data-style=\"style1\">\n\t\t\n<h1><span class=\"thb-slidetype-entry\"><span class=\"lines\">Aufnahmegesuch.<\/span><\/span><\/h1>\n\t\t\t<\/div>\n\n\t[vc_empty_space height=&#8220;16px&#8220;]\t<div id=\"thb-slidetype-69e5f55032a3f\" class=\"thb-slidetype \" data-style=\"style1\">\n\t\t\n<h5><span class=\"thb-slidetype-entry\"><span class=\"lines\">Treten Sie PLATEFORME-REHA.CH bei und werden Sie Verbandsmitglied.<\/span><\/span><\/h5>\n\t\t\t<\/div>\n\n\t[\/vc_column_inner][vc_column_inner el_class=&#8220;text-center&#8220; width=&#8220;5\/12&#8243;][\/vc_column_inner][\/vc_row_inner][\/vc_column][\/vc_row][vc_row thb_full_width=&#8220;true&#8220; thb_row_padding=&#8220;true&#8220; thb_column_padding=&#8220;true&#8220; css=&#8220;.vc_custom_1616501416192{padding-top: 15vh !important;padding-bottom: 15vh !important;}&#8220;][vc_column][vc_row_inner css=&#8220;.vc_custom_1616501408265{padding-bottom: 4vh !important;}&#8220;][vc_column_inner width=&#8220;2\/3&#8243;][vc_column_text animation=&#8220;animation bottom-to-top&#8220;]F\u00fcr einen Antrag auf Mitgliedschaft k\u00f6nnen Sie untenstehendes Formular ausf\u00fcllen und wir werden Sie sobald als m\u00f6glich kontaktieren.<\/p>\n<p>Wenn Sie weitere Informationen w\u00fcnschen, z\u00f6gern Sie nicht, unser Sekretariat zu kontaktieren.<\/p>\n<p>Vielen Dank f\u00fcr Ihr Interesse![\/vc_column_text]\n<div class=\"wpcf7 no-js\" id=\"wpcf7-f764-o1\" lang=\"de-DE\" dir=\"ltr\" data-wpcf7-id=\"764\">\n<div class=\"screen-reader-response\"><p role=\"status\" aria-live=\"polite\" aria-atomic=\"true\"><\/p> <ul><\/ul><\/div>\n<form action=\"\/de\/wp-json\/wp\/v2\/pages\/704#wpcf7-f764-o1\" method=\"post\" class=\"wpcf7-form init\" aria-label=\"Kontaktformular\" novalidate=\"novalidate\" data-status=\"init\">\n<fieldset class=\"hidden-fields-container\"><input type=\"hidden\" name=\"_wpcf7\" value=\"764\" \/><input type=\"hidden\" name=\"_wpcf7_version\" value=\"6.1.3\" \/><input type=\"hidden\" name=\"_wpcf7_locale\" value=\"de_DE\" \/><input type=\"hidden\" name=\"_wpcf7_unit_tag\" value=\"wpcf7-f764-o1\" \/><input type=\"hidden\" name=\"_wpcf7_container_post\" value=\"0\" \/><input type=\"hidden\" name=\"_wpcf7_posted_data_hash\" value=\"\" \/>\n<\/fieldset>\n<p><label> Institution<br \/>\n<span class=\"wpcf7-form-control-wrap\" data-name=\"etablissement\"><input size=\"40\" maxlength=\"400\" class=\"wpcf7-form-control wpcf7-text wpcf7-validates-as-required\" aria-required=\"true\" aria-invalid=\"false\" value=\"\" type=\"text\" name=\"etablissement\" \/><\/span> <\/label>\n<\/p>\n<p><label> Kontakt<br \/>\n<span class=\"wpcf7-form-control-wrap\" data-name=\"your-name\"><input size=\"40\" maxlength=\"400\" class=\"wpcf7-form-control wpcf7-text wpcf7-validates-as-required\" aria-required=\"true\" aria-invalid=\"false\" value=\"\" type=\"text\" name=\"your-name\" \/><\/span> <\/label>\n<\/p>\n<p><label> E-Mail<br \/>\n<span class=\"wpcf7-form-control-wrap\" data-name=\"your-email\"><input size=\"40\" maxlength=\"400\" class=\"wpcf7-form-control wpcf7-email wpcf7-validates-as-required wpcf7-text wpcf7-validates-as-email\" aria-required=\"true\" aria-invalid=\"false\" value=\"\" type=\"email\" name=\"your-email\" \/><\/span> <\/label>\n<\/p>\n<p><label> Strasse, Nr.<br \/>\n<span class=\"wpcf7-form-control-wrap\" data-name=\"adresse\"><input size=\"40\" maxlength=\"400\" class=\"wpcf7-form-control wpcf7-text wpcf7-validates-as-required\" aria-required=\"true\" aria-invalid=\"false\" value=\"\" type=\"text\" name=\"adresse\" \/><\/span> <\/label>\n<\/p>\n<p><label> PLZ, Ort<br \/>\n<span class=\"wpcf7-form-control-wrap\" data-name=\"ville\"><input size=\"40\" maxlength=\"400\" class=\"wpcf7-form-control wpcf7-text wpcf7-validates-as-required\" aria-required=\"true\" aria-invalid=\"false\" value=\"\" type=\"text\" name=\"ville\" \/><\/span> <\/label>\n<\/p>\n<p><label> Webseite<br \/>\n<span class=\"wpcf7-form-control-wrap\" data-name=\"url-452\"><input size=\"40\" maxlength=\"400\" class=\"wpcf7-form-control wpcf7-url wpcf7-text wpcf7-validates-as-url\" aria-invalid=\"false\" value=\"\" type=\"url\" name=\"url-452\" \/><\/span> <\/label>\n<\/p>\n<p><label> Telefon<br \/>\n<span class=\"wpcf7-form-control-wrap\" data-name=\"tel-822\"><input size=\"40\" maxlength=\"400\" class=\"wpcf7-form-control wpcf7-tel wpcf7-validates-as-required wpcf7-text wpcf7-validates-as-tel\" aria-required=\"true\" aria-invalid=\"false\" value=\"\" type=\"tel\" name=\"tel-822\" \/><\/span> <\/label>\n<\/p>\n<p><label> Antispam-Frage<br \/>\n<span class=\"wpcf7-form-control-wrap\" data-name=\"quiz-515\"><label><span class=\"wpcf7-quiz-label\">Hauptstadt der Schweiz ?<\/span> <input size=\"40\" class=\"wpcf7-form-control wpcf7-quiz\" autocomplete=\"off\" aria-required=\"true\" aria-invalid=\"false\" type=\"text\" name=\"quiz-515\" \/><\/label><input type=\"hidden\" name=\"_wpcf7_quiz_answer_quiz-515\" value=\"cc62ffe7c4e3f4a90253d58e0168f023\" \/><\/span> <\/label>\n<\/p>\n<p><input class=\"wpcf7-form-control wpcf7-submit has-spinner\" type=\"submit\" value=\"Antrag senden\" \/>\n<\/p><div class=\"wpcf7-response-output\" aria-hidden=\"true\"><\/div>\n<\/form>\n<\/div>\n[\/vc_column_inner][vc_column_inner width=&#8220;1\/3&#8243;][\/vc_column_inner][\/vc_row_inner][\/vc_column][\/vc_row]\n<\/div>","protected":false},"excerpt":{"rendered":"<p>[vc_row thb_full_width=&#8220;true&#8220; thb_row_padding=&#8220;true&#8220; thb_column_padding=&#8220;true&#8220; full_height=&#8220;yes&#8220; content_placement=&#8220;middle&#8220; css=&#8220;.vc_custom_1616501458700{padding-top: 20vh !important;padding-bottom: 15vh !important;background: #93969a url(http:\/\/plateforme-reha.ch\/wp-content\/uploads\/2021\/02\/reha-slider-home-4.jpg?id=274) !important;background-position: center !important;background-repeat: no-repeat !important;background-size: cover !important;}&#8220;][vc_column][vc_row_inner content_placement=&#8220;middle&#8220;][vc_column_inner thb_color=&#8220;thb-light-column&#8220; width=&#8220;7\/12&#8243;][vc_empty_space height=&#8220;16px&#8220;][\/vc_column_inner][vc_column_inner el_class=&#8220;text-center&#8220; width=&#8220;5\/12&#8243;][\/vc_column_inner][\/vc_row_inner][\/vc_column][\/vc_row][vc_row thb_full_width=&#8220;true&#8220; thb_row_padding=&#8220;true&#8220; thb_column_padding=&#8220;true&#8220; css=&#8220;.vc_custom_1616501416192{padding-top: 15vh !important;padding-bottom: 15vh !important;}&#8220;][vc_column][vc_row_inner css=&#8220;.vc_custom_1616501408265{padding-bottom: 4vh !important;}&#8220;][vc_column_inner width=&#8220;2\/3&#8243;][vc_column_text animation=&#8220;animation bottom-to-top&#8220;]F\u00fcr einen Antrag auf Mitgliedschaft k\u00f6nnen Sie untenstehendes Formular ausf\u00fcllen und wir werden Sie sobald als&hellip;<\/p>\n","protected":false},"author":1,"featured_media":0,"parent":0,"menu_order":0,"comment_status":"closed","ping_status":"closed","template":"","meta":{"footnotes":""},"class_list":["post-704","page","type-page","status-publish","hentry"],"_links":{"self":[{"href":"https:\/\/plateforme-reha.ch\/de\/wp-json\/wp\/v2\/pages\/704","targetHints":{"allow":["GET"]}}],"collection":[{"href":"https:\/\/plateforme-reha.ch\/de\/wp-json\/wp\/v2\/pages"}],"about":[{"href":"https:\/\/plateforme-reha.ch\/de\/wp-json\/wp\/v2\/types\/page"}],"author":[{"embeddable":true,"href":"https:\/\/plateforme-reha.ch\/de\/wp-json\/wp\/v2\/users\/1"}],"replies":[{"embeddable":true,"href":"https:\/\/plateforme-reha.ch\/de\/wp-json\/wp\/v2\/comments?post=704"}],"version-history":[{"count":5,"href":"https:\/\/plateforme-reha.ch\/de\/wp-json\/wp\/v2\/pages\/704\/revisions"}],"predecessor-version":[{"id":769,"href":"https:\/\/plateforme-reha.ch\/de\/wp-json\/wp\/v2\/pages\/704\/revisions\/769"}],"wp:attachment":[{"href":"https:\/\/plateforme-reha.ch\/de\/wp-json\/wp\/v2\/media?parent=704"}],"curies":[{"name":"wp","href":"https:\/\/api.w.org\/{rel}","templated":true}]}}