{"id":611,"date":"2018-02-20T17:19:47","date_gmt":"2018-02-20T17:19:47","guid":{"rendered":"https:\/\/plateforme-reha.ch\/home\/"},"modified":"2024-01-26T14:08:01","modified_gmt":"2024-01-26T13:08:01","slug":"home","status":"publish","type":"page","link":"https:\/\/plateforme-reha.ch\/de\/","title":{"rendered":"Home"},"content":{"rendered":"<div class=\"wpb-content-wrapper\">[vc_row thb_full_width=&#8220;true&#8220; thb_row_padding=&#8220;true&#8220; thb_column_padding=&#8220;true&#8220; full_height=&#8220;yes&#8220; content_placement=&#8220;middle&#8220; css=&#8220;.vc_custom_1616495418117{padding-top: 20vh !important;padding-bottom: 15vh !important;background: #93969a url(http:\/\/plateforme-reha.ch\/wp-content\/uploads\/2021\/02\/reha-slider-home-2.jpg?id=228) !important;background-position: center !important;background-repeat: no-repeat !important;background-size: cover !important;}&#8220;][vc_column][vc_row_inner content_placement=&#8220;middle&#8220;][vc_column_inner thb_color=&#8220;thb-light-column&#8220; width=&#8220;7\/12&#8243;]\t<div id=\"thb-slidetype-69e0430f80129\" class=\"thb-slidetype \" data-style=\"style1\">\n\t\t\n<h1><span class=\"thb-slidetype-entry\"><span class=\"lines\">Gemeinsam f\u00fcr die Rehabilitation.<\/span><\/span><\/h1>\n\t\t\t<\/div>\n\n\t[vc_empty_space height=&#8220;16px&#8220;]\t<div id=\"thb-slidetype-69e0430f801f0\" class=\"thb-slidetype \" data-style=\"style1\">\n\t\t\n<h5><span class=\"thb-slidetype-entry\"><span class=\"lines\">Eine notwendige Interessenvertretung im Namen der Pflegeleistungsempf\u00e4nger.<\/span><\/span><\/h5>\n\t\t\t<\/div>\n\n\t[vc_empty_space height=&#8220;30px&#8220;]\t<a id=\"thb-button-69e0430f802a2\" class=\"btn style1 small  gradient small-radius animation bottom-to-top   \" href=\"https:\/\/plateforme-reha.ch\/de\/aktivitaet\/\" target=\"_self\" role=\"button\">\n\t\t<span>MEHR DAZU<\/span>\n\t\t\t<\/a>\n\t\t\t<style>\n\n\t\t\t\t\t\t\t\t\/* Style1 *\/\n\t\t\t\t#thb-button-69e0430f802a2.style1 {\n\t\t\t\t\tbackground:rgba(255,255,255,0.1);background:linear-gradient( -135deg,rgba(255,255,255,0.1),rgba(255,255,255,0.1) );\t\t\t\t}\n\t\t\t\t#thb-button-69e0430f802a2.style1:after {\n\t\t\t\t\tbackground: rgba(255,255,255,0.1);\n\t\t\t\t}\n\t\t\t\t\t\t\t\t\t\t\t\t\t\t\t\t<\/style>\n\t\t[\/vc_column_inner][vc_column_inner el_class=&#8220;text-center&#8220; width=&#8220;5\/12&#8243;][\/vc_column_inner][\/vc_row_inner][\/vc_column][\/vc_row][vc_row thb_full_width=&#8220;true&#8220; thb_row_padding=&#8220;true&#8220; thb_column_padding=&#8220;true&#8220; css=&#8220;.vc_custom_1612970913453{padding-top: 15vh !important;background-color: #213364 !important;}&#8220;][vc_column][vc_row_inner][vc_column_inner thb_color=&#8220;thb-light-column&#8220; width=&#8220;1\/2&#8243;]\t<div id=\"thb-slidetype-69e0430f80330\" class=\"thb-slidetype \" data-style=\"style1\">\n\t\t\n<h6><span class=\"thb-slidetype-entry\"><span class=\"lines\">PLATEFORME-REHA.CH<\/span><\/span><\/h6>\n\t\t\t\t<style>\n\t\t\t#thb-slidetype-69e0430f80330 .thb-slidetype-entry {\n\t\t\t\tcolor: rgba(255,255,255,0.6);\n\t\t\t}\n\t\t<\/style>\n\t\t\t<\/div>\n\n\t[vc_empty_space height=&#8220;60px&#8220;]\t<div id=\"thb-slidetype-69e0430f80389\" class=\"thb-slidetype \" data-style=\"style1\">\n\t\t\n<h2><span class=\"thb-slidetype-entry\"><span class=\"lines\">Eine unverzichtbare Lobbyarbeit im Namen der Pflegeleistungsempf\u00e4nger.<\/span><\/span><\/h2>\n\t\t\t<\/div>\n\n\t[vc_empty_space height=&#8220;20px&#8220;][vc_column_text animation=&#8220;animation bottom-to-top&#8220;]Als Berufsverband verfolgt PLATEFORME-REHA.CH das Ziel, s\u00e4mtliche auf dem Gebiet der Rehabilitation in der Schweiz t\u00e4tigen \u00f6ffentlichen und privaten Institutionen zu vereinigen, um das Rehabilitationswesen und seine Fachrichtungen im Hinblick auf die Berufspraxis zu f\u00f6rdern und bei nationalen Partnern gemeinsame Interessen zu vertreten. PLATEFORME-REHA.CH ist ein nicht gewinnorientierter Verband und z\u00e4hlt Aktivmitglieder aus verschiedenen Rehabilitationsbereichen.[\/vc_column_text][vc_empty_space height=&#8220;10px&#8220;]\t<a id=\"thb-button-69e0430f80423\" class=\"btn style1 small  gradient small-radius animation bottom-to-top   \" href=\"https:\/\/plateforme-reha.ch\/de\/ueber-uns\/\" target=\"_self\" role=\"button\">\n\t\t<span>\u00dcber uns<\/span>\n\t\t\t<\/a>\n\t\t\t<style>\n\n\t\t\t\t\t\t\t\t\/* Style1 *\/\n\t\t\t\t#thb-button-69e0430f80423.style1 {\n\t\t\t\t\tbackground:rgba(255,255,255,0.1);background:linear-gradient( -135deg,rgba(255,255,255,0.1),rgba(255,255,255,0.1) );\t\t\t\t}\n\t\t\t\t#thb-button-69e0430f80423.style1:after {\n\t\t\t\t\tbackground: rgba(255,255,255,0.1);\n\t\t\t\t}\n\t\t\t\t\t\t\t\t\t\t\t\t\t\t\t\t<\/style>\n\t\t[\/vc_column_inner][vc_column_inner width=&#8220;1\/2&#8243;]\t<div id=\"thb-image-69e0430f80509\" class=\"caption-style1 animation bottom-to-top aligncenter   thb_image_link wp-caption \">\n\t\t\t<div class=\"thb-image-inner size_100\">\n\t\t\t<img loading=\"lazy\" decoding=\"async\" width=\"531\" height=\"667\" src=\"https:\/\/plateforme-reha.ch\/wp-content\/uploads\/2021\/02\/reha-illustration-1.png\" class=\"thb_image    attachment-full\" alt=\"\" title=\"\" srcset=\"https:\/\/plateforme-reha.ch\/wp-content\/uploads\/2021\/02\/reha-illustration-1.png 531w, https:\/\/plateforme-reha.ch\/wp-content\/uploads\/2021\/02\/reha-illustration-1-239x300.png 239w, https:\/\/plateforme-reha.ch\/wp-content\/uploads\/2021\/02\/reha-illustration-1-380x477.png 380w, https:\/\/plateforme-reha.ch\/wp-content\/uploads\/2021\/02\/reha-illustration-1-190x239.png 190w, https:\/\/plateforme-reha.ch\/wp-content\/uploads\/2021\/02\/reha-illustration-1-20x25.png 20w\" sizes=\"auto, (max-width: 531px) 100vw, 531px\" \/>\t\t\t\t\t<\/div>\n\t\t\t\t\t<\/div>\n\t[\/vc_column_inner][\/vc_row_inner][\/vc_column][\/vc_row][vc_row css=&#8220;.vc_custom_1519295700022{padding-top: 15vh !important;}&#8220;][vc_column][vc_row_inner thb_max_width=&#8220;&#8220;][vc_column_inner width=&#8220;2\/3&#8243;]\t<div id=\"thb-slidetype-69e0430f82600\" class=\"thb-slidetype \" data-style=\"style1\">\n\t\t\n<h2><span class=\"thb-slidetype-entry\"><span class=\"lines\">Werden Sie Mitglied bei PLATEFORME-REHA.CH<\/span><\/span><\/h2>\n\t\t\t\t<style>\n\t\t\t#thb-slidetype-69e0430f82600 .thb-slidetype-entry {\n\t\t\t\tcolor: rgba(33,51,100,0.6);\n\t\t\t}\n\t\t<\/style>\n\t\t\t<\/div>\n\n\t[vc_empty_space height=&#8220;20px&#8220;][\/vc_column_inner][vc_column_inner width=&#8220;1\/3&#8243;][\/vc_column_inner][\/vc_row_inner][vc_row_inner thb_max_width=&#8220;&#8220; css=&#8220;.vc_custom_1519296082636{padding-bottom: 4vh !important;}&#8220;][vc_column_inner width=&#8220;2\/3&#8243;][vc_column_text]Treten Sie dem Verband bei, dessen Ziel es ist, alle anerkannten Bereiche der Rehabilitation in der Schweiz zu f\u00f6rdern, indem der Patient und seine Betreuung in den Mittelpunkt gestellt werden.<br \/>\n<em>Die Mitglieder des Verbands sind juristische Personen.<\/em>[\/vc_column_text][\/vc_column_inner][vc_column_inner el_class=&#8220;text-right&#8220; width=&#8220;1\/3&#8243;][vc_empty_space height=&#8220;3px&#8220;]\t<a id=\"thb-button-69e0430f82691\" class=\"btn style1 small  accent small-radius animation bottom-to-top   \" href=\"https:\/\/plateforme-reha.ch\/de\/mitgliedschaft\/\" target=\"_self\" role=\"button\">\n\t\t<span>MITGLIED WERDEN<\/span>\n\t\t\t<\/a>\n\t\t[\/vc_column_inner][\/vc_row_inner][\/vc_column][\/vc_row]\n<\/div>","protected":false},"excerpt":{"rendered":"<p>[vc_row thb_full_width=&#8220;true&#8220; thb_row_padding=&#8220;true&#8220; thb_column_padding=&#8220;true&#8220; full_height=&#8220;yes&#8220; content_placement=&#8220;middle&#8220; css=&#8220;.vc_custom_1616495418117{padding-top: 20vh !important;padding-bottom: 15vh !important;background: #93969a url(http:\/\/plateforme-reha.ch\/wp-content\/uploads\/2021\/02\/reha-slider-home-2.jpg?id=228) !important;background-position: center !important;background-repeat: no-repeat !important;background-size: cover !important;}&#8220;][vc_column][vc_row_inner content_placement=&#8220;middle&#8220;][vc_column_inner thb_color=&#8220;thb-light-column&#8220; width=&#8220;7\/12&#8243;][vc_empty_space height=&#8220;16px&#8220;][vc_empty_space height=&#8220;30px&#8220;][\/vc_column_inner][vc_column_inner el_class=&#8220;text-center&#8220; width=&#8220;5\/12&#8243;][\/vc_column_inner][\/vc_row_inner][\/vc_column][\/vc_row][vc_row thb_full_width=&#8220;true&#8220; thb_row_padding=&#8220;true&#8220; thb_column_padding=&#8220;true&#8220; css=&#8220;.vc_custom_1612970913453{padding-top: 15vh !important;background-color: #213364 !important;}&#8220;][vc_column][vc_row_inner][vc_column_inner thb_color=&#8220;thb-light-column&#8220; width=&#8220;1\/2&#8243;][vc_empty_space height=&#8220;60px&#8220;][vc_empty_space height=&#8220;20px&#8220;][vc_column_text animation=&#8220;animation bottom-to-top&#8220;]Als Berufsverband verfolgt PLATEFORME-REHA.CH das Ziel, s\u00e4mtliche auf dem Gebiet der Rehabilitation in der Schweiz&hellip;<\/p>\n","protected":false},"author":1,"featured_media":0,"parent":0,"menu_order":0,"comment_status":"closed","ping_status":"closed","template":"","meta":{"footnotes":""},"class_list":["post-611","page","type-page","status-publish","hentry"],"_links":{"self":[{"href":"https:\/\/plateforme-reha.ch\/de\/wp-json\/wp\/v2\/pages\/611","targetHints":{"allow":["GET"]}}],"collection":[{"href":"https:\/\/plateforme-reha.ch\/de\/wp-json\/wp\/v2\/pages"}],"about":[{"href":"https:\/\/plateforme-reha.ch\/de\/wp-json\/wp\/v2\/types\/page"}],"author":[{"embeddable":true,"href":"https:\/\/plateforme-reha.ch\/de\/wp-json\/wp\/v2\/users\/1"}],"replies":[{"embeddable":true,"href":"https:\/\/plateforme-reha.ch\/de\/wp-json\/wp\/v2\/comments?post=611"}],"version-history":[{"count":6,"href":"https:\/\/plateforme-reha.ch\/de\/wp-json\/wp\/v2\/pages\/611\/revisions"}],"predecessor-version":[{"id":2206,"href":"https:\/\/plateforme-reha.ch\/de\/wp-json\/wp\/v2\/pages\/611\/revisions\/2206"}],"wp:attachment":[{"href":"https:\/\/plateforme-reha.ch\/de\/wp-json\/wp\/v2\/media?parent=611"}],"curies":[{"name":"wp","href":"https:\/\/api.w.org\/{rel}","templated":true}]}}