{"id":1176,"date":"2022-06-02T14:50:47","date_gmt":"2022-06-02T12:50:47","guid":{"rendered":"https:\/\/plateforme-reha.ch\/datenschutzbestimmungen\/"},"modified":"2022-11-23T17:22:19","modified_gmt":"2022-11-23T16:22:19","slug":"datenschutzbestimmungen","status":"publish","type":"page","link":"https:\/\/plateforme-reha.ch\/de\/datenschutzbestimmungen\/","title":{"rendered":"Datenschutzbestimmungen"},"content":{"rendered":"<div class=\"wpb-content-wrapper\">[vc_row thb_full_width=&#8220;true&#8220; thb_row_padding=&#8220;true&#8220; thb_column_padding=&#8220;true&#8220; content_placement=&#8220;middle&#8220; css=&#8220;.vc_custom_1654178704702{padding-top: 100px !important;padding-bottom: 100px !important;background-image: url(https:\/\/plateforme-reha.ch\/wp-content\/uploads\/2021\/02\/reha-slider-home-2.jpg?id=651) !important;background-position: center !important;background-repeat: no-repeat !important;background-size: cover !important;}&#8220;][vc_column thb_color=&#8220;thb-light-column&#8220;][vc_row_inner content_placement=&#8220;middle&#8220; css=&#8220;.vc_custom_1669220535528{padding-top: 100px !important;padding-bottom: 50px !important;}&#8220;][vc_column_inner width=&#8220;7\/12&#8243;]\t<div id=\"thb-slidetype-69e9fec7c34b0\" class=\"thb-slidetype \" data-style=\"style1\">\n\t\t\n<h1><span class=\"thb-slidetype-entry\"><span class=\"lines\">Datenschutzbestimmungen<\/span><\/span><\/h1>\n\t\t\t<\/div>\n\n\t[\/vc_column_inner][vc_column_inner width=&#8220;5\/12&#8243;][\/vc_column_inner][\/vc_row_inner][\/vc_column][\/vc_row][vc_row][vc_column][vc_column_text]\n<p>&nbsp;<\/p>\n<p>&nbsp;<\/p>\n<p>&nbsp;<\/p>\n<h2>Wer sind wir?<\/h2>\n<p>Die Adresse unserer Website ist: http:\/\/plateforme-reha.ch.<\/p>\n<p>&nbsp;<\/p>\n<p>&nbsp;<\/p>\n<h2>Verwendung und Weitergabe der gesammelten pers\u00f6nlichen Daten<\/h2>\n<p>&nbsp;<\/p>\n<h3>Kommentare<\/h3>\n<p>Wenn Sie einen Kommentar auf unserer Website hinterlassen, werden die im Kommentarformular eingetragenen Daten, aber auch Ihre IP-Adresse und der User Agent Ihres Browsers gesammelt, um uns bei der Erkennung unerw\u00fcnschter Kommentare zu helfen.<\/p>\n<p>Eine aus Ihrer E-Mail-Adresse erstellte anonymisierte Zeichenfolge (auch Hash genannt) kann an den Gravatar-Dienst gesendet werden, um zu \u00fcberpr\u00fcfen, ob Sie den Dienst nutzen. Die Datenschutzbestimmungen des Gravatar-Dienstes finden Sie hier: https:\/\/automattic.com\/privacy\/. Nachdem Sie Ihren Kommentar freigeschaltet haben, wird Ihr Profilbild neben Ihrem Kommentar \u00f6ffentlich sichtbar.<\/p>\n<p>&nbsp;<\/p>\n<h3>Kontaktformulare<\/h3>\n<p>Mit der Nutzung unseres Kontaktformulars erkl\u00e4ren Sie sich damit einverstanden, dass die verschiedenen Daten, die Sie uns mitteilen, in verschl\u00fcsselter Form gesendet werden. Um Ihre Anfragen beantworten zu k\u00f6nnen, werden wir Ihren Kontakt m\u00f6glicherweise intern weiterleiten. Wir garantieren Ihnen jedoch, dass Ihre Daten vertraulich behandelt werden.<\/p>\n<p>&nbsp;<\/p>\n<h3>Cookies<\/h3>\n<p>Wenn Sie einen Kommentar auf unserer Website abgeben, wird Ihnen angeboten, Ihren Namen, Ihre E-Mail-Adresse und Ihre Website in Cookies zu speichern. Dies dient lediglich Ihrer Bequemlichkeit, damit Sie diese Informationen nicht eingeben m\u00fcssen, wenn Sie sp\u00e4ter einen weiteren Kommentar abgeben. Diese Cookies laufen nach einem Jahr ab.<\/p>\n<p>Wenn Sie die Anmeldeseite aufrufen, wird ein tempor\u00e4res Cookie erstellt, um festzustellen, ob Ihr Browser Cookies akzeptiert. Es enth\u00e4lt keine personenbezogenen Daten und wird automatisch gel\u00f6scht, wenn Sie Ihren Browser schlie\u00dfen.<\/p>\n<p>Wenn Sie sich anmelden, setzen wir eine Reihe von Cookies, um Ihre Anmeldeinformationen und Bildschirmeinstellungen zu speichern. Die Lebensdauer eines Anmelde-Cookies betr\u00e4gt zwei Tage, die eines Cookies f\u00fcr die Bildschirmeinstellungen ein Jahr. Wenn Sie &#8222;An mich erinnern&#8220; ankreuzen, wird Ihr Anmelde-Cookie zwei Wochen lang gespeichert. Wenn Sie sich von Ihrem Konto abmelden, wird das Anmelde-Cookie gel\u00f6scht.<\/p>\n<p>Wenn Sie einen Beitrag bearbeiten oder ver\u00f6ffentlichen, wird ein zus\u00e4tzliches Cookie in Ihrem Browser gespeichert. Dieses Cookie enth\u00e4lt keine pers\u00f6nlichen Daten. Es zeigt lediglich die ID des Beitrags an, den Sie gerade bearbeitet haben. Es l\u00e4uft nach einem Tag ab.<\/p>\n<p>&nbsp;<\/p>\n<h3>Von anderen Seiten eingebettete Inhalte<\/h3>\n<p>Die Artikel auf dieser Website k\u00f6nnen eingebettete Inhalte enthalten (z. B. Videos, Bilder, Artikel &#8230;). Von anderen Websites eingebettete Inhalte verhalten sich genauso, als w\u00fcrde der Besucher diese andere Website besuchen.<\/p>\n<p>Diese Websites k\u00f6nnten Daten \u00fcber Sie sammeln, Cookies verwenden, Tracking-Tools von Drittanbietern einbetten, Ihre Interaktionen mit diesen eingebetteten Inhalten verfolgen, wenn Sie ein eingeloggtes Konto auf ihrer Website haben.<\/p>\n<p>&nbsp;<\/p>\n<h3>Statistiken und Messung des Publikums<\/h3>\n<p>Um das Publikum zu messen, verwenden wir Cookies von Google Analytics. Wie bereits erw\u00e4hnt, verhalten sich Inhalte, die von anderen Websites eingebunden werden, genauso, als w\u00fcrde der Besucher diese andere Website besuchen.<\/p>\n<p>Diese Websites k\u00f6nnten Daten \u00fcber Sie sammeln, Cookies verwenden, Tracking-Tools von Drittanbietern einbetten, Ihre Interaktionen mit diesen eingebetteten Inhalten verfolgen, wenn Sie ein eingeloggtes Konto auf ihrer Website haben.<\/p>\n<p>&nbsp;<\/p>\n<h3>Speicherfristen f\u00fcr Ihre Daten<\/h3>\n<p>Wenn Sie einen Kommentar hinterlassen, werden der Kommentar und seine Metadaten auf unbestimmte Zeit gespeichert. Dadurch werden nachfolgende Kommentare automatisch erkannt und genehmigt, anstatt sie in der Moderationswarteschlange zu belassen.<\/p>\n<p>F\u00fcr Nutzerinnen und Nutzer, die sich auf unserer Seite registrieren (sofern dies m\u00f6glich ist), speichern wir auch die in ihrem Profil angegebenen pers\u00f6nlichen Daten. Alle Nutzer\/innen k\u00f6nnen ihre pers\u00f6nlichen Informationen (mit Ausnahme ihres Benutzernamens) jederzeit einsehen, \u00e4ndern oder l\u00f6schen. Auch die Verwalter der Website k\u00f6nnen diese Informationen einsehen und \u00e4ndern.<\/p>\n<p>&nbsp;<\/p>\n<h3>\u00dcbermittlung Ihrer pers\u00f6nlichen Daten<\/h3>\n<p>Die Kommentare von Besuchern k\u00f6nnen mithilfe eines automatisierten Dienstes zur Erkennung unerw\u00fcnschter Kommentare \u00fcberpr\u00fcft werden.<\/p>\n<p>&nbsp;<\/p>\n<h3>Kontaktinformationen<\/h3>\n<p>F\u00fcr alle n\u00fctzlichen Fragen k\u00f6nnen Sie PLATEFORME-REHA.CH \u00fcber <u><a href=\"https:\/\/plateforme-reha.ch\/de\/kontakt\/\">die Kontaktseite<\/a><\/u> unserer Website kontaktieren.[\/vc_column_text][\/vc_column][\/vc_row]\n<\/div>","protected":false},"excerpt":{"rendered":"<p>[vc_row thb_full_width=&#8220;true&#8220; thb_row_padding=&#8220;true&#8220; thb_column_padding=&#8220;true&#8220; content_placement=&#8220;middle&#8220; css=&#8220;.vc_custom_1654178704702{padding-top: 100px !important;padding-bottom: 100px !important;background-image: url(https:\/\/plateforme-reha.ch\/wp-content\/uploads\/2021\/02\/reha-slider-home-2.jpg?id=651) !important;background-position: center !important;background-repeat: no-repeat !important;background-size: cover !important;}&#8220;][vc_column thb_color=&#8220;thb-light-column&#8220;][vc_row_inner content_placement=&#8220;middle&#8220; css=&#8220;.vc_custom_1669220535528{padding-top: 100px !important;padding-bottom: 50px !important;}&#8220;][vc_column_inner width=&#8220;7\/12&#8243;][\/vc_column_inner][vc_column_inner width=&#8220;5\/12&#8243;][\/vc_column_inner][\/vc_row_inner][\/vc_column][\/vc_row][vc_row][vc_column][vc_column_text] &nbsp; &nbsp; &nbsp; Wer sind wir? Die Adresse unserer Website ist: http:\/\/plateforme-reha.ch. &nbsp; &nbsp; Verwendung und Weitergabe der gesammelten pers\u00f6nlichen Daten &nbsp; Kommentare Wenn Sie einen Kommentar auf&hellip;<\/p>\n","protected":false},"author":1,"featured_media":0,"parent":0,"menu_order":0,"comment_status":"closed","ping_status":"closed","template":"","meta":{"footnotes":""},"class_list":["post-1176","page","type-page","status-publish","hentry"],"_links":{"self":[{"href":"https:\/\/plateforme-reha.ch\/de\/wp-json\/wp\/v2\/pages\/1176","targetHints":{"allow":["GET"]}}],"collection":[{"href":"https:\/\/plateforme-reha.ch\/de\/wp-json\/wp\/v2\/pages"}],"about":[{"href":"https:\/\/plateforme-reha.ch\/de\/wp-json\/wp\/v2\/types\/page"}],"author":[{"embeddable":true,"href":"https:\/\/plateforme-reha.ch\/de\/wp-json\/wp\/v2\/users\/1"}],"replies":[{"embeddable":true,"href":"https:\/\/plateforme-reha.ch\/de\/wp-json\/wp\/v2\/comments?post=1176"}],"version-history":[{"count":23,"href":"https:\/\/plateforme-reha.ch\/de\/wp-json\/wp\/v2\/pages\/1176\/revisions"}],"predecessor-version":[{"id":1311,"href":"https:\/\/plateforme-reha.ch\/de\/wp-json\/wp\/v2\/pages\/1176\/revisions\/1311"}],"wp:attachment":[{"href":"https:\/\/plateforme-reha.ch\/de\/wp-json\/wp\/v2\/media?parent=1176"}],"curies":[{"name":"wp","href":"https:\/\/api.w.org\/{rel}","templated":true}]}}